{"id":1459,"date":"2018-05-03T13:07:53","date_gmt":"2018-05-03T11:07:53","guid":{"rendered":"https:\/\/www.pearl.fi\/?page_id=1459"},"modified":"2018-05-03T13:07:53","modified_gmt":"2018-05-03T11:07:53","slug":"ymparistovinkit","status":"publish","type":"page","link":"https:\/\/www.pearl.fi\/fi\/ymparistovinkit\/","title":{"rendered":"Ymp\u00e4rist\u00f6vinkit"},"content":{"rendered":"<div class=\"fusion-fullwidth fullwidth-box fusion-builder-row-1 nonhundred-percent-fullwidth non-hundred-percent-height-scrolling\" style=\"--awb-border-radius-top-left:0px;--awb-border-radius-top-right:0px;--awb-border-radius-bottom-right:0px;--awb-border-radius-bottom-left:0px;--awb-flex-wrap:wrap;\" ><div class=\"fusion-builder-row fusion-row\"><div class=\"fusion-layout-column fusion_builder_column fusion-builder-column-0 fusion_builder_column_1_1 1_1 fusion-one-full fusion-column-first fusion-column-last\" style=\"--awb-bg-size:cover;\"><div class=\"fusion-column-wrapper fusion-flex-column-wrapper-legacy\"><div class=\"fusion-text fusion-text-1\"><h3>Drink Bottles &amp; Cans<\/h3>\n<div class=\"fusion-sep-clear\"><\/div><div class=\"fusion-separator fusion-clearfix\" style=\"float:left;width:100%;max-width:5%;\"><div class=\"fusion-separator-border sep-single\" style=\"--awb-height:20px;--awb-amount:20px;border-color:#e0dede;border-top-width:1px;\"><\/div><\/div><div class=\"fusion-sep-clear\"><\/div>\n<p>Most drink bottles and cans purchased in Finland include a deposit redeemable on return. Deposit varies from 10c to 40c. Ask at your local shop how to do this.<\/p>\n<h3>Recycling<\/h3>\n<div class=\"fusion-sep-clear\"><\/div><div class=\"fusion-separator fusion-clearfix\" style=\"float:left;width:100%;max-width:5%;\"><div class=\"fusion-separator-border sep-single\" style=\"--awb-height:20px;--awb-amount:20px;border-color:#e0dede;border-top-width:1px;\"><\/div><\/div><div class=\"fusion-sep-clear\"><\/div>\n<p>Most apartment complexes in Finland support recycling of a variety of waste. Trash bins are sorted according to the following:<\/p>\n<p><strong> Bio-waste (Bioj\u00e4te)<\/strong><br \/>\n<strong>YES:<\/strong> food waste, including food that has gone bad, coffee grounds, kitchen paper, fruit peels etc.<br \/>\n<strong>NO:<\/strong> chemicals, glass, metals, cat litter<br \/>\nBio-waste is processed into compost. Some municipalities first extract biogas from bio-waste, which is then converted into heat and electricity.<\/p>\n<p><strong>Paper (Paperi)<\/strong><br \/>\n<strong>YES:<\/strong> newspapers and magazines, advertisement flyers, envelopes etc.<br \/>\n<strong>NO:<\/strong> wet or very dirty paper<br \/>\nRecycled paper is used to make newspapers or toilet paper.<\/p>\n<p><strong>Carton (Kartonki)<\/strong><br \/>\n<strong>YES:<\/strong> milk cartons, cardboard, paper bags, carton packages<br \/>\n<strong>NO:<\/strong> wet or very dirty carton<br \/>\nRecycled carton is used to make kitchen paper rolls, for example. The aluminium in carton packages is also recycled.<\/p>\n<p><strong>Glass (Lasi)<\/strong><br \/>\n<strong>YES:<\/strong> glass containers (bottles and jars)<br \/>\n<strong>NO:<\/strong> glass objects, glassware, mirrors, porcelain<br \/>\nRecycled glass is used to make new glass containers.<\/p>\n<p><strong>Metal (Metali)<\/strong><br \/>\n<strong>YES:<\/strong> metal items and packages whose main material is metal<br \/>\n<strong>NO:<\/strong> electrical devices, batteries<br \/>\nDifferent metals are machine sorted and used as material for new products.<\/p>\n<p><strong>Plastic (Muovi)<\/strong><br \/>\nIn some cases there are bins for plastics. If not put to combustible waste (polttokelpoinen j\u00e4te). If there is no combustible waste, put to mixed waste (sek\u00e4j\u00e4te).<br \/>\n<strong>YES:<\/strong> yogurt &amp; butter tubs, cheese &amp; meat packaging, shampoo &amp; soap packaging, plastic wrapping, bags and polystyrene<\/p>\n<p><strong>Batteries (Paristot)<\/strong><br \/>\nBatteries for small electrical devices can be recycled in most food shops. Ask at the shop check out for details.<\/p>\n<p><strong>Other Waste<\/strong><br \/>\nContact us if you have other waste that you do not know how to sort!<\/p>\n<h3>Electricity<\/h3>\n<div class=\"fusion-sep-clear\"><\/div><div class=\"fusion-separator fusion-clearfix\" style=\"float:left;width:100%;max-width:5%;\"><div class=\"fusion-separator-border sep-single\" style=\"--awb-height:20px;--awb-amount:20px;border-color:#e0dede;border-top-width:1px;\"><\/div><\/div><div class=\"fusion-sep-clear\"><\/div>\n<p>Switch off lights when leaving a room.<\/p>\n<p>If you have a sauna, switch it on 30 minutes before you intend to use it and off immediately after use.<\/p>\n<p>If you have floor heating, keep it low at around setting 2.<\/p>\n<h3>Water<\/h3>\n<p><span style=\"display: inline !important; float: none; background-color: transparent; color: #333333; cursor: text; font-family: Georgia,'Times New Roman','Bitstream Charter',Times,serif; font-size: 16px; font-style: normal; font-variant: normal; font-weight: 400; letter-spacing: normal; orphans: 2; text-align: left; text-decoration: none; text-indent: 0px; text-transform: none; -webkit-text-stroke-width: 0px; white-space: normal; word-spacing: 0px;\"><div class=\"fusion-sep-clear\"><\/div><div class=\"fusion-separator fusion-clearfix\" style=\"float:left;width:100%;max-width:5%;\"><div class=\"fusion-separator-border sep-single\" style=\"--awb-height:20px;--awb-amount:20px;border-color:#e0dede;border-top-width:1px;\"><\/div><\/div><div class=\"fusion-sep-clear\"><\/div><\/span><\/p>\n<p>Don\u2019t leave the tap running.<\/p>\n<p>When washing dishes fill the sink with a suitable amount of hot water. Do not continually run the hot water tap to wash dishes.<\/p>\n<h3>Heating<\/h3>\n<div class=\"fusion-sep-clear\"><\/div><div class=\"fusion-separator fusion-clearfix\" style=\"float:left;width:100%;max-width:5%;\"><div class=\"fusion-separator-border sep-single\" style=\"--awb-height:20px;--awb-amount:20px;border-color:#e0dede;border-top-width:1px;\"><\/div><\/div><div class=\"fusion-sep-clear\"><\/div>\n<p>Turn down radiators in rooms that are not being used or if you are too warm in a room that is being used.<\/p>\n<p>Avoid covering radiators with long curtains.<\/p>\n<\/div><div class=\"fusion-clearfix\"><\/div><\/div><\/div><\/div><\/div>\n","protected":false},"excerpt":{"rendered":"","protected":false},"author":2,"featured_media":0,"parent":0,"menu_order":0,"comment_status":"closed","ping_status":"closed","template":"","meta":{"footnotes":""},"class_list":["post-1459","page","type-page","status-publish","hentry"],"yoast_head":"<!-- This site is optimized with the Yoast SEO plugin v23.4 - https:\/\/yoast.com\/wordpress\/plugins\/seo\/ -->\n<title>Ymp\u00e4rist\u00f6vinkit - Project Apartments<\/title>\n<meta name=\"robots\" content=\"index, follow, max-snippet:-1, max-image-preview:large, max-video-preview:-1\" \/>\n<link rel=\"canonical\" href=\"https:\/\/www.pearl.fi\/environmental-tips\/\" \/>\n<meta property=\"og:locale\" content=\"fi_FI\" \/>\n<meta property=\"og:type\" content=\"article\" \/>\n<meta property=\"og:title\" content=\"Ymp\u00e4rist\u00f6vinkit - Project Apartments\" \/>\n<meta property=\"og:url\" content=\"https:\/\/www.pearl.fi\/environmental-tips\/\" \/>\n<meta property=\"og:site_name\" content=\"Project Apartments\" \/>\n<meta name=\"twitter:card\" content=\"summary_large_image\" \/>\n<meta name=\"twitter:label1\" content=\"Arvioitu lukuaika\" \/>\n\t<meta name=\"twitter:data1\" content=\"4 minuuttia\" \/>\n<script type=\"application\/ld+json\" class=\"yoast-schema-graph\">{\"@context\":\"https:\/\/schema.org\",\"@graph\":[{\"@type\":\"WebPage\",\"@id\":\"https:\/\/www.pearl.fi\/environmental-tips\/\",\"url\":\"https:\/\/www.pearl.fi\/environmental-tips\/\",\"name\":\"Ymp\u00e4rist\u00f6vinkit - Project Apartments\",\"isPartOf\":{\"@id\":\"https:\/\/www.pearl.fi\/#website\"},\"datePublished\":\"2018-05-03T11:07:53+00:00\",\"dateModified\":\"2018-05-03T11:07:53+00:00\",\"breadcrumb\":{\"@id\":\"https:\/\/www.pearl.fi\/environmental-tips\/#breadcrumb\"},\"inLanguage\":\"fi\",\"potentialAction\":[{\"@type\":\"ReadAction\",\"target\":[\"https:\/\/www.pearl.fi\/environmental-tips\/\"]}]},{\"@type\":\"BreadcrumbList\",\"@id\":\"https:\/\/www.pearl.fi\/environmental-tips\/#breadcrumb\",\"itemListElement\":[{\"@type\":\"ListItem\",\"position\":1,\"name\":\"Home\",\"item\":\"https:\/\/www.pearl.fi\/fi\/\"},{\"@type\":\"ListItem\",\"position\":2,\"name\":\"Ymp\u00e4rist\u00f6vinkit\"}]},{\"@type\":\"WebSite\",\"@id\":\"https:\/\/www.pearl.fi\/#website\",\"url\":\"https:\/\/www.pearl.fi\/\",\"name\":\"Project Apartments\",\"description\":\"Pearl Kiinteist\u00f6t Oy\",\"publisher\":{\"@id\":\"https:\/\/www.pearl.fi\/#organization\"},\"potentialAction\":[{\"@type\":\"SearchAction\",\"target\":{\"@type\":\"EntryPoint\",\"urlTemplate\":\"https:\/\/www.pearl.fi\/?s={search_term_string}\"},\"query-input\":{\"@type\":\"PropertyValueSpecification\",\"valueRequired\":true,\"valueName\":\"search_term_string\"}}],\"inLanguage\":\"fi\"},{\"@type\":\"Organization\",\"@id\":\"https:\/\/www.pearl.fi\/#organization\",\"name\":\"Project Apartments - Pearl Kiinteist\u00f6t Oy\",\"url\":\"https:\/\/www.pearl.fi\/\",\"logo\":{\"@type\":\"ImageObject\",\"inLanguage\":\"fi\",\"@id\":\"https:\/\/www.pearl.fi\/#\/schema\/logo\/image\/\",\"url\":\"https:\/\/www.pearl.fi\/wp-content\/uploads\/2018\/03\/pearl_apartments_400musta.png\",\"contentUrl\":\"https:\/\/www.pearl.fi\/wp-content\/uploads\/2018\/03\/pearl_apartments_400musta.png\",\"width\":400,\"height\":71,\"caption\":\"Project Apartments - Pearl Kiinteist\u00f6t Oy\"},\"image\":{\"@id\":\"https:\/\/www.pearl.fi\/#\/schema\/logo\/image\/\"},\"sameAs\":[\"https:\/\/www.linkedin.com\/company\/pearl-kiinteist-t-oy\/\"]}]}<\/script>\n<!-- \/ Yoast SEO plugin. -->","yoast_head_json":{"title":"Ymp\u00e4rist\u00f6vinkit - Project Apartments","robots":{"index":"index","follow":"follow","max-snippet":"max-snippet:-1","max-image-preview":"max-image-preview:large","max-video-preview":"max-video-preview:-1"},"canonical":"https:\/\/www.pearl.fi\/environmental-tips\/","og_locale":"fi_FI","og_type":"article","og_title":"Ymp\u00e4rist\u00f6vinkit - Project Apartments","og_url":"https:\/\/www.pearl.fi\/environmental-tips\/","og_site_name":"Project Apartments","twitter_card":"summary_large_image","twitter_misc":{"Arvioitu lukuaika":"4 minuuttia"},"schema":{"@context":"https:\/\/schema.org","@graph":[{"@type":"WebPage","@id":"https:\/\/www.pearl.fi\/environmental-tips\/","url":"https:\/\/www.pearl.fi\/environmental-tips\/","name":"Ymp\u00e4rist\u00f6vinkit - Project Apartments","isPartOf":{"@id":"https:\/\/www.pearl.fi\/#website"},"datePublished":"2018-05-03T11:07:53+00:00","dateModified":"2018-05-03T11:07:53+00:00","breadcrumb":{"@id":"https:\/\/www.pearl.fi\/environmental-tips\/#breadcrumb"},"inLanguage":"fi","potentialAction":[{"@type":"ReadAction","target":["https:\/\/www.pearl.fi\/environmental-tips\/"]}]},{"@type":"BreadcrumbList","@id":"https:\/\/www.pearl.fi\/environmental-tips\/#breadcrumb","itemListElement":[{"@type":"ListItem","position":1,"name":"Home","item":"https:\/\/www.pearl.fi\/fi\/"},{"@type":"ListItem","position":2,"name":"Ymp\u00e4rist\u00f6vinkit"}]},{"@type":"WebSite","@id":"https:\/\/www.pearl.fi\/#website","url":"https:\/\/www.pearl.fi\/","name":"Project Apartments","description":"Pearl Kiinteist\u00f6t Oy","publisher":{"@id":"https:\/\/www.pearl.fi\/#organization"},"potentialAction":[{"@type":"SearchAction","target":{"@type":"EntryPoint","urlTemplate":"https:\/\/www.pearl.fi\/?s={search_term_string}"},"query-input":{"@type":"PropertyValueSpecification","valueRequired":true,"valueName":"search_term_string"}}],"inLanguage":"fi"},{"@type":"Organization","@id":"https:\/\/www.pearl.fi\/#organization","name":"Project Apartments - Pearl Kiinteist\u00f6t Oy","url":"https:\/\/www.pearl.fi\/","logo":{"@type":"ImageObject","inLanguage":"fi","@id":"https:\/\/www.pearl.fi\/#\/schema\/logo\/image\/","url":"https:\/\/www.pearl.fi\/wp-content\/uploads\/2018\/03\/pearl_apartments_400musta.png","contentUrl":"https:\/\/www.pearl.fi\/wp-content\/uploads\/2018\/03\/pearl_apartments_400musta.png","width":400,"height":71,"caption":"Project Apartments - Pearl Kiinteist\u00f6t Oy"},"image":{"@id":"https:\/\/www.pearl.fi\/#\/schema\/logo\/image\/"},"sameAs":["https:\/\/www.linkedin.com\/company\/pearl-kiinteist-t-oy\/"]}]}},"_links":{"self":[{"href":"https:\/\/www.pearl.fi\/fi\/wp-json\/wp\/v2\/pages\/1459"}],"collection":[{"href":"https:\/\/www.pearl.fi\/fi\/wp-json\/wp\/v2\/pages"}],"about":[{"href":"https:\/\/www.pearl.fi\/fi\/wp-json\/wp\/v2\/types\/page"}],"author":[{"embeddable":true,"href":"https:\/\/www.pearl.fi\/fi\/wp-json\/wp\/v2\/users\/2"}],"replies":[{"embeddable":true,"href":"https:\/\/www.pearl.fi\/fi\/wp-json\/wp\/v2\/comments?post=1459"}],"version-history":[{"count":1,"href":"https:\/\/www.pearl.fi\/fi\/wp-json\/wp\/v2\/pages\/1459\/revisions"}],"predecessor-version":[{"id":1460,"href":"https:\/\/www.pearl.fi\/fi\/wp-json\/wp\/v2\/pages\/1459\/revisions\/1460"}],"wp:attachment":[{"href":"https:\/\/www.pearl.fi\/fi\/wp-json\/wp\/v2\/media?parent=1459"}],"curies":[{"name":"wp","href":"https:\/\/api.w.org\/{rel}","templated":true}]}}