{"id":1285,"date":"2018-04-27T12:26:19","date_gmt":"2018-04-27T10:26:19","guid":{"rendered":"https:\/\/www.pearl.fi\/?page_id=1285"},"modified":"2018-05-18T11:15:05","modified_gmt":"2018-05-18T09:15:05","slug":"hanhikivi","status":"publish","type":"page","link":"https:\/\/www.pearl.fi\/fi\/hanhikivi\/","title":{"rendered":"Hanhikivi"},"content":{"rendered":"<div class=\"fusion-fullwidth fullwidth-box fusion-builder-row-1 nonhundred-percent-fullwidth non-hundred-percent-height-scrolling\" style=\"--awb-border-radius-top-left:0px;--awb-border-radius-top-right:0px;--awb-border-radius-bottom-right:0px;--awb-border-radius-bottom-left:0px;--awb-flex-wrap:wrap;\" ><div class=\"fusion-builder-row fusion-row\"><div class=\"fusion-layout-column fusion_builder_column fusion-builder-column-0 fusion_builder_column_1_2 1_2 fusion-one-half fusion-column-first\" style=\"--awb-bg-size:cover;width:50%;width:calc(50% - ( ( 4% ) * 0.5 ) );margin-right: 4%;\"><div class=\"fusion-column-wrapper fusion-flex-column-wrapper-legacy\"><div class=\"fusion-text fusion-text-1\"><p>Hanhikiven atomivoimala, jonka on suunniteltu valmistuvan vuonna 2024, sijaitsee noin 30 kilometrin p\u00e4\u00e4ss\u00e4 Raahen kaupungista. Me olemme yksi atomivoimalaprojektiin liittyv\u00e4n majoituksen p\u00e4\u00e4j\u00e4rjest\u00e4jist\u00e4 Pohjois-Suomessa ja erityisesti Raahessa. Voimme tarjota vuokralle t\u00e4ysin kalustettuja asuntoja yhdest\u00e4 aina sadalle projektity\u00f6ntekij\u00e4lle Raahessa. Kun valitsette meid\u00e4t majoituksen j\u00e4rjest\u00e4j\u00e4ksi ty\u00f6skennelless\u00e4nne Hanhikivell\u00e4, saatte ensimm\u00e4isen luokan henkil\u00f6kohtaista palvelua sek\u00e4 teille omistautuneen projektip\u00e4\u00e4llik\u00f6n ja kontaktihenkil\u00f6n koko projektin ajaksi. Katso my\u00f6s meid\u00e4n Raahe-sivumme.<\/p>\n<\/div><div class=\"fusion-title title fusion-title-1 fusion-sep-none fusion-title-center fusion-title-text fusion-title-size-three\"><h3 class=\"fusion-title-heading title-heading-center fusion-responsive-typography-calculated\" style=\"margin:0;--fontSize:22;--minFontSize:22;line-height:2.2;\"><span style=\"color: #000000;\"><i class=\"fa fa-phone\"><\/i> <span style=\"color: #000000;\">PYYD\u00c4 TARJOUS!<\/span><\/span><\/h3><\/div><div class=\"fusion-sep-clear\"><\/div><div class=\"fusion-separator fusion-full-width-sep\" style=\"margin-left: auto;margin-right: auto;margin-top:5px;margin-bottom:25px;width:100%;\"><div class=\"fusion-separator-border sep-single sep-solid\" style=\"--awb-height:20px;--awb-amount:20px;--awb-sep-color:#0a0a0a;border-color:#0a0a0a;border-top-width:4px;\"><\/div><\/div><div class=\"fusion-sep-clear\"><\/div><div class=\"fusion-title title fusion-title-2 fusion-sep-none fusion-title-text fusion-title-size-three\"><h3 class=\"fusion-title-heading title-heading-left fusion-responsive-typography-calculated\" style=\"margin:0;--fontSize:22;--minFontSize:22;line-height:2.2;\"><p style=\"text-align: center;\">+358 (0)50 411 1199<br \/>\ninfo@pearl.fi<\/p><\/h3><\/div><div class=\"fusion-clearfix\"><\/div><\/div><\/div><div class=\"fusion-layout-column fusion_builder_column fusion-builder-column-1 fusion_builder_column_1_2 1_2 fusion-one-half fusion-column-last fusion-animated\" style=\"--awb-bg-size:cover;width:50%;width:calc(50% - ( ( 4% ) * 0.5 ) );\" data-animationType=\"fadeInUp\" data-animationDuration=\"0.2\" data-animationOffset=\"top-into-view\"><div class=\"fusion-column-wrapper fusion-flex-column-wrapper-legacy\"><div class=\"fusion-title title fusion-title-3 fusion-sep-none fusion-title-center fusion-title-text fusion-title-size-three\"><h3 class=\"fusion-title-heading title-heading-center fusion-responsive-typography-calculated\" style=\"margin:0;--fontSize:22;--minFontSize:22;line-height:2.2;\"><span style=\"color: #000000;\"><i class=\"fa fa-envelope\"><\/i> <span style=\"color: #000000;\">OTA YHTEYTT\u00c4!<\/span><\/span><\/h3><\/div><div class=\"fusion-sep-clear\"><\/div><div class=\"fusion-separator fusion-full-width-sep\" style=\"margin-left: auto;margin-right: auto;margin-top:5px;margin-bottom:25px;width:100%;\"><div class=\"fusion-separator-border sep-single sep-solid\" style=\"--awb-height:20px;--awb-amount:20px;--awb-sep-color:#0a0a0a;border-color:#0a0a0a;border-top-width:4px;\"><\/div><\/div><div class=\"fusion-sep-clear\"><\/div><div class=\"fusion-text fusion-text-2\">\n<div class=\"wpcf7 no-js\" id=\"wpcf7-f1006-o1\" lang=\"en-US\" dir=\"ltr\">\n<div class=\"screen-reader-response\"><p role=\"status\" aria-live=\"polite\" aria-atomic=\"true\"><\/p> <ul><\/ul><\/div>\n<form action=\"\/fi\/wp-json\/wp\/v2\/pages\/1285#wpcf7-f1006-o1\" method=\"post\" class=\"wpcf7-form init\" aria-label=\"Contact form\" novalidate=\"novalidate\" data-status=\"init\">\n<div style=\"display: none;\">\n<input type=\"hidden\" name=\"_wpcf7\" value=\"1006\" \/>\n<input type=\"hidden\" name=\"_wpcf7_version\" value=\"5.9.8\" \/>\n<input type=\"hidden\" name=\"_wpcf7_locale\" value=\"en_US\" \/>\n<input type=\"hidden\" name=\"_wpcf7_unit_tag\" value=\"wpcf7-f1006-o1\" \/>\n<input type=\"hidden\" name=\"_wpcf7_container_post\" value=\"0\" \/>\n<input type=\"hidden\" name=\"_wpcf7_posted_data_hash\" value=\"\" \/>\n<\/div>\n<div style=\"margin-bottom: 25px;\" class=\"fusion-one-half fusion-layout-column fusion-spacing-yes\">\n\t<p><label aria-label=\"name\"><span class=\"wpcf7-form-control-wrap\" data-name=\"your-name\"><input size=\"40\" maxlength=\"400\" class=\"wpcf7-form-control wpcf7-text wpcf7-validates-as-required\" aria-required=\"true\" aria-invalid=\"false\" placeholder=\"NAME\" value=\"\" type=\"text\" name=\"your-name\" \/><\/span><\/label>\n\t<\/p>\n<\/div>\n<div style=\"margin-bottom: 25px;\" class=\"fusion-one-half fusion-layout-column fusion-column-last fusion-spacing-yes\">\n\t<p><label aria-label=\"phone\"><span class=\"wpcf7-form-control-wrap\" data-name=\"phone-number\"><input size=\"40\" maxlength=\"400\" class=\"wpcf7-form-control wpcf7-text\" aria-invalid=\"false\" placeholder=\"TELEPHONE\" value=\"\" type=\"text\" name=\"phone-number\" \/><\/span><\/label>\n\t<\/p>\n<\/div>\n<div style=\"margin-bottom: 25px;\" class=\"fusion-layout-column\">\n\t<p><label aria-label=\"email\"><span class=\"wpcf7-form-control-wrap\" data-name=\"email\"><input size=\"40\" maxlength=\"400\" class=\"wpcf7-form-control wpcf7-email wpcf7-validates-as-required wpcf7-text wpcf7-validates-as-email\" aria-required=\"true\" aria-invalid=\"false\" placeholder=\"EMAIL ADDRESS*\" value=\"\" type=\"email\" name=\"email\" \/><\/span><\/label>\n\t<\/p>\n<\/div>\n<p style=\"margin-bottom: 25px;\"><label aria-label=\"message\"><span class=\"wpcf7-form-control-wrap\" data-name=\"your-message\"><textarea cols=\"40\" rows=\"10\" maxlength=\"2000\" class=\"wpcf7-form-control wpcf7-textarea\" aria-invalid=\"false\" placeholder=\"MESSAGE\" name=\"your-message\"><\/textarea><\/span><\/label>\n<\/p>\n<p><input class=\"wpcf7-form-control wpcf7-submit has-spinner\" type=\"submit\" value=\"SEND\" \/>\n<\/p><div class=\"fusion-alert alert custom alert-custom fusion-alert-center wpcf7-response-output fusion-alert-capitalize awb-alert-native-link-color alert-dismissable awb-alert-close-boxed\" style=\"--awb-border-top-left-radius:0px;--awb-border-top-right-radius:0px;--awb-border-bottom-left-radius:0px;--awb-border-bottom-right-radius:0px;\" role=\"alert\"><div class=\"fusion-alert-content-wrapper\"><span class=\"fusion-alert-content\"><\/span><\/div><button type=\"button\" class=\"close toggle-alert\" data-dismiss=\"alert\" aria-label=\"Close\">&times;<\/button><\/div>\n<\/form>\n<\/div>\n\n<\/div><div class=\"fusion-clearfix\"><\/div><\/div><\/div><\/div><\/div>\n","protected":false},"excerpt":{"rendered":"","protected":false},"author":1,"featured_media":0,"parent":0,"menu_order":0,"comment_status":"closed","ping_status":"closed","template":"","meta":{"footnotes":""},"class_list":["post-1285","page","type-page","status-publish","hentry"],"yoast_head":"<!-- This site is optimized with the Yoast SEO plugin v23.4 - https:\/\/yoast.com\/wordpress\/plugins\/seo\/ -->\n<title>Hanhikivi - Project Apartments<\/title>\n<meta name=\"robots\" content=\"index, follow, max-snippet:-1, max-image-preview:large, max-video-preview:-1\" \/>\n<link rel=\"canonical\" href=\"https:\/\/www.pearl.fi\/hanhikivi\/\" \/>\n<meta property=\"og:locale\" content=\"fi_FI\" \/>\n<meta property=\"og:type\" content=\"article\" \/>\n<meta property=\"og:title\" content=\"Hanhikivi - Project Apartments\" \/>\n<meta property=\"og:url\" content=\"https:\/\/www.pearl.fi\/hanhikivi\/\" \/>\n<meta property=\"og:site_name\" content=\"Project Apartments\" \/>\n<meta property=\"article:modified_time\" content=\"2018-05-18T09:15:05+00:00\" \/>\n<meta name=\"twitter:card\" content=\"summary_large_image\" \/>\n<meta name=\"twitter:label1\" content=\"Arvioitu lukuaika\" \/>\n\t<meta name=\"twitter:data1\" content=\"3 minuuttia\" \/>\n<script type=\"application\/ld+json\" class=\"yoast-schema-graph\">{\"@context\":\"https:\/\/schema.org\",\"@graph\":[{\"@type\":\"WebPage\",\"@id\":\"https:\/\/www.pearl.fi\/hanhikivi\/\",\"url\":\"https:\/\/www.pearl.fi\/hanhikivi\/\",\"name\":\"Hanhikivi - Project Apartments\",\"isPartOf\":{\"@id\":\"https:\/\/www.pearl.fi\/#website\"},\"datePublished\":\"2018-04-27T10:26:19+00:00\",\"dateModified\":\"2018-05-18T09:15:05+00:00\",\"breadcrumb\":{\"@id\":\"https:\/\/www.pearl.fi\/hanhikivi\/#breadcrumb\"},\"inLanguage\":\"fi\",\"potentialAction\":[{\"@type\":\"ReadAction\",\"target\":[\"https:\/\/www.pearl.fi\/hanhikivi\/\"]}]},{\"@type\":\"BreadcrumbList\",\"@id\":\"https:\/\/www.pearl.fi\/hanhikivi\/#breadcrumb\",\"itemListElement\":[{\"@type\":\"ListItem\",\"position\":1,\"name\":\"Home\",\"item\":\"https:\/\/www.pearl.fi\/fi\/\"},{\"@type\":\"ListItem\",\"position\":2,\"name\":\"Hanhikivi\"}]},{\"@type\":\"WebSite\",\"@id\":\"https:\/\/www.pearl.fi\/#website\",\"url\":\"https:\/\/www.pearl.fi\/\",\"name\":\"Project Apartments\",\"description\":\"Pearl Kiinteist\u00f6t Oy\",\"publisher\":{\"@id\":\"https:\/\/www.pearl.fi\/#organization\"},\"potentialAction\":[{\"@type\":\"SearchAction\",\"target\":{\"@type\":\"EntryPoint\",\"urlTemplate\":\"https:\/\/www.pearl.fi\/?s={search_term_string}\"},\"query-input\":{\"@type\":\"PropertyValueSpecification\",\"valueRequired\":true,\"valueName\":\"search_term_string\"}}],\"inLanguage\":\"fi\"},{\"@type\":\"Organization\",\"@id\":\"https:\/\/www.pearl.fi\/#organization\",\"name\":\"Project Apartments - Pearl Kiinteist\u00f6t Oy\",\"url\":\"https:\/\/www.pearl.fi\/\",\"logo\":{\"@type\":\"ImageObject\",\"inLanguage\":\"fi\",\"@id\":\"https:\/\/www.pearl.fi\/#\/schema\/logo\/image\/\",\"url\":\"https:\/\/www.pearl.fi\/wp-content\/uploads\/2018\/03\/pearl_apartments_400musta.png\",\"contentUrl\":\"https:\/\/www.pearl.fi\/wp-content\/uploads\/2018\/03\/pearl_apartments_400musta.png\",\"width\":400,\"height\":71,\"caption\":\"Project Apartments - Pearl Kiinteist\u00f6t Oy\"},\"image\":{\"@id\":\"https:\/\/www.pearl.fi\/#\/schema\/logo\/image\/\"},\"sameAs\":[\"https:\/\/www.linkedin.com\/company\/pearl-kiinteist-t-oy\/\"]}]}<\/script>\n<!-- \/ Yoast SEO plugin. -->","yoast_head_json":{"title":"Hanhikivi - Project Apartments","robots":{"index":"index","follow":"follow","max-snippet":"max-snippet:-1","max-image-preview":"max-image-preview:large","max-video-preview":"max-video-preview:-1"},"canonical":"https:\/\/www.pearl.fi\/hanhikivi\/","og_locale":"fi_FI","og_type":"article","og_title":"Hanhikivi - Project Apartments","og_url":"https:\/\/www.pearl.fi\/hanhikivi\/","og_site_name":"Project Apartments","article_modified_time":"2018-05-18T09:15:05+00:00","twitter_card":"summary_large_image","twitter_misc":{"Arvioitu lukuaika":"3 minuuttia"},"schema":{"@context":"https:\/\/schema.org","@graph":[{"@type":"WebPage","@id":"https:\/\/www.pearl.fi\/hanhikivi\/","url":"https:\/\/www.pearl.fi\/hanhikivi\/","name":"Hanhikivi - Project Apartments","isPartOf":{"@id":"https:\/\/www.pearl.fi\/#website"},"datePublished":"2018-04-27T10:26:19+00:00","dateModified":"2018-05-18T09:15:05+00:00","breadcrumb":{"@id":"https:\/\/www.pearl.fi\/hanhikivi\/#breadcrumb"},"inLanguage":"fi","potentialAction":[{"@type":"ReadAction","target":["https:\/\/www.pearl.fi\/hanhikivi\/"]}]},{"@type":"BreadcrumbList","@id":"https:\/\/www.pearl.fi\/hanhikivi\/#breadcrumb","itemListElement":[{"@type":"ListItem","position":1,"name":"Home","item":"https:\/\/www.pearl.fi\/fi\/"},{"@type":"ListItem","position":2,"name":"Hanhikivi"}]},{"@type":"WebSite","@id":"https:\/\/www.pearl.fi\/#website","url":"https:\/\/www.pearl.fi\/","name":"Project Apartments","description":"Pearl Kiinteist\u00f6t Oy","publisher":{"@id":"https:\/\/www.pearl.fi\/#organization"},"potentialAction":[{"@type":"SearchAction","target":{"@type":"EntryPoint","urlTemplate":"https:\/\/www.pearl.fi\/?s={search_term_string}"},"query-input":{"@type":"PropertyValueSpecification","valueRequired":true,"valueName":"search_term_string"}}],"inLanguage":"fi"},{"@type":"Organization","@id":"https:\/\/www.pearl.fi\/#organization","name":"Project Apartments - Pearl Kiinteist\u00f6t Oy","url":"https:\/\/www.pearl.fi\/","logo":{"@type":"ImageObject","inLanguage":"fi","@id":"https:\/\/www.pearl.fi\/#\/schema\/logo\/image\/","url":"https:\/\/www.pearl.fi\/wp-content\/uploads\/2018\/03\/pearl_apartments_400musta.png","contentUrl":"https:\/\/www.pearl.fi\/wp-content\/uploads\/2018\/03\/pearl_apartments_400musta.png","width":400,"height":71,"caption":"Project Apartments - Pearl Kiinteist\u00f6t Oy"},"image":{"@id":"https:\/\/www.pearl.fi\/#\/schema\/logo\/image\/"},"sameAs":["https:\/\/www.linkedin.com\/company\/pearl-kiinteist-t-oy\/"]}]}},"_links":{"self":[{"href":"https:\/\/www.pearl.fi\/fi\/wp-json\/wp\/v2\/pages\/1285"}],"collection":[{"href":"https:\/\/www.pearl.fi\/fi\/wp-json\/wp\/v2\/pages"}],"about":[{"href":"https:\/\/www.pearl.fi\/fi\/wp-json\/wp\/v2\/types\/page"}],"author":[{"embeddable":true,"href":"https:\/\/www.pearl.fi\/fi\/wp-json\/wp\/v2\/users\/1"}],"replies":[{"embeddable":true,"href":"https:\/\/www.pearl.fi\/fi\/wp-json\/wp\/v2\/comments?post=1285"}],"version-history":[{"count":6,"href":"https:\/\/www.pearl.fi\/fi\/wp-json\/wp\/v2\/pages\/1285\/revisions"}],"predecessor-version":[{"id":1696,"href":"https:\/\/www.pearl.fi\/fi\/wp-json\/wp\/v2\/pages\/1285\/revisions\/1696"}],"wp:attachment":[{"href":"https:\/\/www.pearl.fi\/fi\/wp-json\/wp\/v2\/media?parent=1285"}],"curies":[{"name":"wp","href":"https:\/\/api.w.org\/{rel}","templated":true}]}}